{"id":2,"date":"2022-11-08T13:54:23","date_gmt":"2022-11-08T13:54:23","guid":{"rendered":"https:\/\/criticalcommunication.se\/?page_id=2"},"modified":"2026-03-31T10:58:21","modified_gmt":"2026-03-31T10:58:21","slug":"sample-page","status":"publish","type":"page","link":"https:\/\/criticalcommunication.se\/?page_id=2","title":{"rendered":"Medlemmar"},"content":{"rendered":"\n<p><\/p>\n\n\n\n<figure class=\"wp-block-table is-style-stripes\"><table><tbody><tr><td><a href=\"http:\/\/mmm.com\">3M (Peltor)<\/a><\/td><td>SOLNA<\/td><td>08-922100<\/td><\/tr><tr><td><a href=\"http:\/\/intensa.se\">AB Intensa<\/a><\/td><td>LIDING\u00d6<\/td><td>08-7670195<\/td><\/tr><tr><td>AE Comservice AB<\/td><td>KRISTIANSTAD<\/td><td>044-245950<\/td><\/tr><tr><td><a href=\"http:\/\/airbus.se\">Airbus Defence &amp; Space<\/a><\/td><td>STOCKHOLM<\/td><td>08-4404980<\/td><\/tr><tr><td><a href=\"http:\/\/alecom.se\">Alecom AB<\/a><\/td><td>STOCKHOLM<\/td><td>010-2007775<\/td><\/tr><tr><td><a href=\"https:\/\/www.allicon.se\/\">Allicon AB<\/a><\/td><td>STOCKHOLM<\/td><td>08-428 458 50<\/td><\/tr><tr><td><a href=\"https:\/\/amtele.se\/\">Amtele Communication AB<\/a><\/td><td>KUNGENS KURVA<\/td><td>08-55646600<\/td><\/tr><tr><td><a href=\"https:\/\/www.analysysmason.com\/\">Analysys Mason AB<\/a><\/td><td>STOCKHOLM<\/td><td>08-58712000<\/td><\/tr><tr><td><a href=\"https:\/\/www.aroundit.com\/\">aroundIT AB<\/a><\/td><td>ASKIM<\/td><td>075-700 19 00<\/td><\/tr><tr><td><a href=\"http:\/\/audire.se\">Audire AB<\/a><\/td><td>T\u00c4BY<\/td><td>070-8977460<\/td><\/tr><tr><td><a href=\"http:\/\/aviseq.se\">AVISEQ Critical Communications AB<\/a><\/td><td>STHLM-ARLANDA<\/td><td>08-50253000<\/td><\/tr><tr><td><a href=\"https:\/\/www.batterigrossisten.com\/\">BatteriGrossisten BG AB<\/a><\/td><td>LIDING\u00d6<\/td><td>08-7667550<\/td><\/tr><tr><td><a href=\"https:\/\/blackthorn.se\/\">Blackthorn<\/a><\/td><td>ENK\u00d6PING<\/td><td>0727-00 12 19<\/td><\/tr><tr><td>Blekinge Radioteknik<\/td><td>KALLINGE<\/td><td>0702-850048<\/td><\/tr><tr><td><a href=\"https:\/\/teleservice.se\/\">Br\u00e4mhults Teleservice AB<\/a><\/td><td>BR\u00c4MHULT<\/td><td>033-241835<\/td><\/tr><tr><td><a href=\"http:\/\/bxo.se\">BXO Solutions AB<\/a><\/td><td>STOCKHOLM<\/td><td>070-6383338<\/td><\/tr><tr><td><a href=\"http:\/\/carlradio.se\">Carl Radiokontroll AB<\/a><\/td><td>KARLSTAD<\/td><td>054-100425<\/td><\/tr><tr><td><a href=\"http:\/\/celab.se\">CELAB Communications AB<\/a><\/td><td>KUNG\u00c4LV<\/td><td>0303-246000<\/td><\/tr><tr><td><a href=\"http:\/\/combiutech.se\">Combitech AB<\/a><\/td><td>LINK\u00d6PING<\/td><td>010-2169000<\/td><\/tr><tr><td>Com-it Uppsala AB<\/td><td>UPPSALA<\/td><td>0768-545415<\/td><\/tr><tr><td>Copab AB<\/td><td>NACKA<\/td><td>08-7166560<\/td><\/tr><tr><td><a href=\"https:\/\/csl-group.com\/se\">CSL Group<\/a><\/td><td>BROMMA<\/td><td>010-204 20 50<\/td><\/tr><tr><td>Creanord Oy<\/td><td>FINLAND<\/td><td>+358103093400<\/td><\/tr><tr><td><a href=\"https:\/\/dataprotect.se\/\">Dataprotect Sverige AB<\/a><\/td><td>BOR\u00c5S<\/td><td>075-7000700<\/td><\/tr><tr><td><a href=\"http:\/\/dispatch.se\">Dispatch Communication Sweden AB<\/a><\/td><td>BORL\u00c4NGE<\/td><td>070-6890006<\/td><\/tr><tr><td><a href=\"https:\/\/datamatik.se\">dm Sverige AB (Datamatik)<\/a><\/td><td>SJ\u00d6BO<\/td><td>070-6660973<\/td><\/tr><tr><td>Druid Software Ltd<\/td><td>IRLAND<\/td><td>0730-272714<\/td><\/tr><tr><td>Ejby Teknik AB<\/td><td>DALAR\u00d6<\/td><td>070-5787870<\/td><\/tr><tr><td><a href=\"https:\/\/www.egant.se\/index.html\">Egant AB<\/a><\/td><td>DANDERYD<\/td><td>08-6200650<\/td><\/tr><tr><td><a href=\"http:\/\/hivako.se\">Hivako<\/a><\/td><td>RIALA<\/td><td>070-7530580<\/td><\/tr><tr><td><a href=\"http:\/\/garmin.se\">Garmin Sweden AB<\/a><\/td><td>HOV\u00c5S<\/td><td>031-7940000<\/td><\/tr><tr><td><a href=\"http:\/\/grouptalk.se\">GroupTalk Sweden AB<\/a><\/td><td>SOLNA<\/td><td>0770-820055<\/td><\/tr><tr><td><a href=\"http:\/\/induo.se\">Induo AB<\/a><\/td><td>JOHANNESHOV<\/td><td>08-6594300<\/td><\/tr><tr><td><a href=\"https:\/\/www.ingruppen.se\/\">InGruppen AB<\/a><\/td><td>SOLLENTUNA<\/td><td>08-58613500<\/td><\/tr><tr><td>Jan Evert Persson AB<\/td><td>SVEG<\/td><td>0680-718560<\/td><\/tr><tr><td>Kamrad Teknik AB<\/td><td>\u00c5KERSBERGA<\/td><td>070-2785129<\/td><\/tr><tr><td>Kuntze Communication<\/td><td>NORRK\u00d6PING<\/td><td>070-6629720<\/td><\/tr><tr><td><a href=\"https:\/\/lemab.se\/\">LEMAB Elektronik AB<\/a><\/td><td>KALMAR<\/td><td>0480-88312<\/td><\/tr><tr><td><a href=\"https:\/\/limmared.nu\" data-type=\"link\" data-id=\"https:\/\/limmared.nu\">Limmared Radio &amp; Data<\/a><\/td><td>LIMMARED<\/td><td>0325-660 660<\/td><\/tr><tr><td><a href=\"http:\/\/lse.se\">LS Electronics AB<\/a><\/td><td>KISTA<\/td><td>08-364225<\/td><\/tr><tr><td>Mafi AB<\/td><td>MORA<\/td><td>0250-38160<\/td><\/tr><tr><td><a href=\"http:\/\/malux.se\">Malux Sweden AB<\/a><\/td><td>\u00d6RNSK\u00d6LDSVIK<\/td><td>0660-292900<\/td><\/tr><tr><td><a href=\"http:\/\/mavenwireless.com\">Maven Wireless Sweden AB<\/a><\/td><td>STOCKHOLM<\/td><td>08-7604300<\/td><\/tr><tr><td><a href=\"http:\/\/mentorvision.se\">Mentor Vision AB<\/a><\/td><td>M\u00d6LNDAL<\/td><td>031-3884700<\/td><\/tr><tr><td><a href=\"http:\/\/micnordic.se\">MIC Nordic AB<\/a><\/td><td>KISTA<\/td><td>08-239700<\/td><\/tr><tr><td>MK MobilKontakt AB<\/td><td>HAMMARSTRAND<\/td><td>070-5574800<\/td><\/tr><tr><td><a href=\"http:\/\/ml-telecom.se\">ML Telecom AB<\/a><\/td><td>EKER\u00d6<\/td><td>070-6508030<\/td><\/tr><tr><td><a href=\"https:\/\/www.mobilemark.com\/\" data-type=\"link\" data-id=\"https:\/\/www.mobilemark.com\/\">Mobile Mark<\/a><\/td><td>UNITED KINGDOM<\/td><td>+44 7467940700<\/td><\/tr><tr><td>MRG Radio AB<\/td><td>SALTSJ\u00d6-BOO<\/td><td>070-2946155<\/td><\/tr><tr><td><a href=\"https:\/\/www.networkinnovations.com\/company\/location\/sweden-stockholm\">Network Innovation<\/a><\/td><td>STOCKHOLM<\/td><td>08-7622670<\/td><\/tr><tr><td><a href=\"http:\/\/netinsight.net\" data-type=\"link\" data-id=\"netinsight.net\">Net Insight AB<\/a><\/td><td>SOLNA<\/td><td>08-6850400<\/td><\/tr><tr><td><a href=\"https:\/\/newcom.se\/\">NewCom AB<\/a><\/td><td>\u00d6REBRO<\/td><td>019-6090690<\/td><\/tr><tr><td><a href=\"http:\/\/niracom.eu\">Niracom Electronic Design<\/a><\/td><td>TYRES\u00d6<\/td><td>073-3388817<\/td><\/tr><tr><td><a href=\"http:\/\/northcom.se\">Northcom AB<\/a><\/td><td>KARLSTAD<\/td><td>054-670500<\/td><\/tr><tr><td><a href=\"https:\/\/www.ntac.se\/\">NTAC AB<\/a><\/td><td>P\u00c5SKALLAVIK<\/td><td>070-6968294<\/td><\/tr><tr><td><a href=\"http:\/\/orbigo.se\">OrbiGo<\/a><\/td><td>SKARPN\u00c4CK<\/td><td>010-4949500<\/td><\/tr><tr><td><a href=\"https:\/\/www.pemakom.se\/\">PEMA Kommunikation AB<\/a><\/td><td>V\u00c5RG\u00c5RDA<\/td><td>0322-665500<\/td><\/tr><tr><td>Proptivity AB<\/td><td>KISTA<\/td><td>0763-350764<\/td><\/tr><tr><td>Qnetworks, Quality Networks Nordic AB<\/td><td>FARSTA<\/td><td>08-101090<\/td><\/tr><tr><td><a href=\"http:\/\/radiomaster.se\">Radio-Master AB<\/a><\/td><td>TYRES\u00d6<\/td><td>08-7120060<\/td><\/tr><tr><td>Radiosystem Bertil \u00c5hs AB<\/td><td>UPPSALA<\/td><td>018-150260<\/td><\/tr><tr><td>RCCOM AB<\/td><td>BOR\u00c5S<\/td><td>033-7220800<\/td><\/tr><tr><td>RFSYS Communications AB<\/td><td>LIDING\u00d6<\/td><td>08-7651265<\/td><\/tr><tr><td><a href=\"https:\/\/rtantenner.se\/\" data-type=\"link\" data-id=\"https:\/\/rtantenner.se\/\">RTAntenner AB<\/a><\/td><td>G\u00c4VLE<\/td><td>026-122300<\/td><\/tr><tr><td><a href=\"https:\/\/securitas.se\" data-type=\"link\" data-id=\"securitas.se\">Securitas Sverige AB<\/a><\/td><td>STOCKHOLM<\/td><td>010-4701787<\/td><\/tr><tr><td><a href=\"https:\/\/signalstyrkan.se\" data-type=\"link\" data-id=\"signalstyrkan.se\">Signalstyrkan AB<\/a><\/td><td>T\u00c4BY<\/td><td>08-298298<\/td><\/tr><tr><td><a href=\"https:\/\/signalsolutions.eu\" data-type=\"link\" data-id=\"signalsolutions.eu\">Signal Solutions AB<\/a><\/td><td>\u00c5KERSBERGA<\/td><td>0761-763969<\/td><\/tr><tr><td><a href=\"https:\/\/sordin.com\/\" data-type=\"link\" data-id=\"https:\/\/sordin.com\/\">Sordin<\/a><\/td><td>V\u00c4RNAMO<\/td><td>0370-693550<\/td><\/tr><tr><td><a href=\"https:\/\/stjarnafyrkant.se\/\" data-type=\"link\" data-id=\"https:\/\/stjarnafyrkant.se\/\">Stj\u00e4rnaFyrkant Link\u00f6ping\/Fast &amp; Mobilt<\/a><\/td><td>Link\u00f6ping<\/td><td>013-242081<\/td><\/tr><tr><td><a href=\"https:\/\/stjarnafyrkant.se\/\" data-type=\"link\" data-id=\"https:\/\/stjarnafyrkant.se\/\">Stj\u00e4rnaFyrkant Ume\u00e5\/LTS Telekom. AB<\/a><\/td><td>UME\u00c5<\/td><td>090-704470<\/td><\/tr><tr><td><a href=\"https:\/\/stjarnafyrkant.se\/\" data-type=\"link\" data-id=\"https:\/\/stjarnafyrkant.se\/\">Stj\u00e4rnaFyrkant Sverige AB<\/a><\/td><td>SUNDSVALL<\/td><td>060-166400<\/td><\/tr><tr><td><a href=\"https:\/\/www.strom2.se\">Str\u00f6m2 Consultant Group AB<\/a><\/td><td>STOCKHOLM<\/td><td>08-50006610<\/td><\/tr><tr><td><a href=\"https:\/\/stockholmsmarineel.se\/\" data-type=\"link\" data-id=\"https:\/\/stockholmsmarineel.se\/\">Stockholms Marine El<\/a><\/td><td>TYRES\u00d6<\/td><td>070-7745656<\/td><\/tr><tr><td><a href=\"http:\/\/svbradiocom.se\">SVB Radiocom AB<\/a><\/td><td>NACKA<\/td><td>08-55603838<\/td><\/tr><tr><td><a href=\"https:\/\/sverakom.se\/\">Svensk Radiokommunikation AB<\/a><\/td><td>G\u00c4VLE<\/td><td>026-102062<\/td><\/tr><tr><td><a href=\"https:\/\/svenskbyggradio.se\" data-type=\"link\" data-id=\"https:\/\/svenskbyggradio.se\">Svensk Byggradio AB<\/a><\/td><td>NACKA<\/td><td>08-41030505<\/td><\/tr><tr><td><a href=\"http:\/\/sodertele.com\">S\u00f6dert\u00e4lje Teleanl\u00e4ggningar AB<\/a><\/td><td>S\u00d6DERT\u00c4LJE<\/td><td>08-55060355<\/td><\/tr><tr><td><a href=\"http:\/\/tcconnect.se\" data-type=\"link\" data-id=\"tcconnect.se\">TC Connect Sweden AB<\/a><\/td><td>KUMLA<\/td><td>019-5001000<\/td><\/tr><tr><td><a href=\"https:\/\/telecomsystem.se\/\" data-type=\"link\" data-id=\"https:\/\/telecomsystem.se\/\">TeleCom System AB<\/a><\/td><td>\u00d6REBRO<\/td><td>019-232700<\/td><\/tr><tr><td><a href=\"http:\/\/telepeer.se\">Telepeer AB<\/a><\/td><td>STOCKHOLM<\/td><td>0725-856684<\/td><\/tr><tr><td><a href=\"https:\/\/www.teliumsweden.se\/\" data-type=\"link\" data-id=\"https:\/\/www.teliumsweden.se\/\">Telium Sweden AB<\/a><\/td><td>HALMSTAD<\/td><td>035-166100<\/td><\/tr><tr><td><a href=\"https:\/\/teleton.se\/\">Teleton AB<\/a><\/td><td>V\u00c4XJ\u00d6<\/td><td>0470-45550<\/td><\/tr><tr><td><a href=\"http:\/\/teracom.se\">Teracom AB<\/a><\/td><td>STOCKHOLM<\/td><td>08-55542000<\/td><\/tr><tr><td><a href=\"http:\/\/tpo.se\">The Production Office<\/a><\/td><td>STOCKHOLM<\/td><td>08-50003500<\/td><\/tr><tr><td>Tjust Elektronik AB<\/td><td>V\u00c4STERVIK<\/td><td>0490-82250<\/td><\/tr><tr><td><a href=\"https:\/\/www.treinno.se\/\">Tre Innovat\u00f6rer AB<\/a><\/td><td>STOCKHOLM<\/td><td>08-6520810<\/td><\/tr><tr><td><a href=\"https:\/\/tutus.se\/\" data-type=\"link\" data-id=\"https:\/\/tutus.se\/\">Tutus Data AB<\/a><\/td><td>DANDERYD<\/td><td>08-55110230<\/td><\/tr><tr><td><a href=\"http:\/\/varningsljusteknik.se\">Varningsljusteknik Norden AB<\/a><\/td><td>H\u00c4GERSTEN<\/td><td>08-7490100<\/td><\/tr><tr><td><a href=\"http:\/\/westel.se\">WESTEL \/ Lappland Network Services AB<\/a><\/td><td>DOROTEA<\/td><td>0690-22130<\/td><\/tr><tr><td><a href=\"https:\/\/www.zebra.com\/gb\/en.html\" data-type=\"link\" data-id=\"https:\/\/www.zebra.com\/gb\/en.html\">Zebra AB<\/a><\/td><td>KISTA<\/td><td>08-6234560<\/td><\/tr><tr><td><a href=\"https:\/\/www.zenitel.com\/\" data-type=\"link\" data-id=\"https:\/\/www.zenitel.com\/\">Zenitel<\/a><\/td><td>NORGE<\/td><td>0760-303119<\/td><\/tr><tr><td><a href=\"http:\/\/zodiac.se\">Zodiac Sverige AB<\/a><\/td><td>SOLLENTUNA<\/td><td>08-55615690<\/td><\/tr><\/tbody><\/table><\/figure>\n\n\n\n<p><\/p>\n\n\n\n<blockquote class=\"wp-block-quote is-layout-flow wp-block-quote-is-layout-flow\">\n<p><\/p>\n<\/blockquote>\n\n\n\n<p><\/p>\n\n\n\n<blockquote class=\"wp-block-quote is-layout-flow wp-block-quote-is-layout-flow\">\n<p><\/p>\n<\/blockquote>\n\n\n\n<p><\/p>\n","protected":false},"excerpt":{"rendered":"<p>3M (Peltor) SOLNA 08-922100 AB Intensa LIDING\u00d6 08-7670195 AE Comservice AB KRISTIANSTAD 044-245950 Airbus Defence &amp; Space STOCKHOLM 08-4404980 Alecom AB STOCKHOLM 010-2007775 Allicon AB STOCKHOLM 08-428 458 50 Amtele Communication AB KUNGENS KURVA 08-55646600 Analysys Mason AB STOCKHOLM 08-58712000 aroundIT AB ASKIM 075-700 19 00 Audire AB T\u00c4BY 070-8977460 AVISEQ Critical Communications AB STHLM-ARLANDA [&hellip;]<\/p>\n","protected":false},"author":1,"featured_media":0,"parent":0,"menu_order":90,"comment_status":"closed","ping_status":"open","template":"","meta":{"footnotes":""},"class_list":["post-2","page","type-page","status-publish","hentry"],"_links":{"self":[{"href":"https:\/\/criticalcommunication.se\/index.php?rest_route=\/wp\/v2\/pages\/2","targetHints":{"allow":["GET"]}}],"collection":[{"href":"https:\/\/criticalcommunication.se\/index.php?rest_route=\/wp\/v2\/pages"}],"about":[{"href":"https:\/\/criticalcommunication.se\/index.php?rest_route=\/wp\/v2\/types\/page"}],"author":[{"embeddable":true,"href":"https:\/\/criticalcommunication.se\/index.php?rest_route=\/wp\/v2\/users\/1"}],"replies":[{"embeddable":true,"href":"https:\/\/criticalcommunication.se\/index.php?rest_route=%2Fwp%2Fv2%2Fcomments&post=2"}],"version-history":[{"count":0,"href":"https:\/\/criticalcommunication.se\/index.php?rest_route=\/wp\/v2\/pages\/2\/revisions"}],"wp:attachment":[{"href":"https:\/\/criticalcommunication.se\/index.php?rest_route=%2Fwp%2Fv2%2Fmedia&parent=2"}],"curies":[{"name":"wp","href":"https:\/\/api.w.org\/{rel}","templated":true}]}}