{"id":164,"date":"2022-11-20T21:23:35","date_gmt":"2022-11-20T21:23:35","guid":{"rendered":"https:\/\/criticalcommunication.se\/?page_id=164"},"modified":"2024-02-23T16:50:59","modified_gmt":"2024-02-23T16:50:59","slug":"medlemsformaner","status":"publish","type":"page","link":"https:\/\/criticalcommunication.se\/?page_id=164","title":{"rendered":"Medlemsf\u00f6rm\u00e5ner"},"content":{"rendered":"\n<p>Som medlem i CCS erbjuder vi bland annat f\u00f6ljande f\u00f6rm\u00e5ner<\/p>\n\n\n\n<p><strong>PREEM<\/strong> <br>Drivmedelsrabatter. Kontakta lars.h.melin@gmail.com f\u00f6r mer information.<\/p>\n\n\n\n<p><strong>BEST WESTERN<\/strong><br>Kontakta lars.h.melin@gmail.com f\u00f6r mer information.<\/p>\n\n\n\n<p><strong>Qnetworks, Quality Networks Nordic AB<\/strong> <br>10% rabatt p\u00e5 kurser i tr\u00e5dl\u00f6s kommunikation.<br>Kontakt: Martin Rawet, martin@qnetworks.se, 08-10 10 94.<\/p>\n\n\n\n<p><strong>CCS NEWS<\/strong> <br>Du f\u00e5r 50% rabatt p\u00e5 annonser i CCS NEWS.<\/p>\n\n\n\n<p><strong>CCS Medlemskurser<\/strong><br>F\u00f6reningen erbjuder utbildningar till sj\u00e4lvkostnadspris som endast \u00e4r till f\u00f6r medlemmar<\/p>\n","protected":false},"excerpt":{"rendered":"<p>Som medlem i CCS erbjuder vi bland annat f\u00f6ljande f\u00f6rm\u00e5ner PREEM Drivmedelsrabatter. Kontakta lars.h.melin@gmail.com f\u00f6r mer information. BEST WESTERNKontakta lars.h.melin@gmail.com f\u00f6r mer information. Qnetworks, Quality Networks Nordic AB 10% rabatt p\u00e5 kurser i tr\u00e5dl\u00f6s kommunikation.Kontakt: Martin Rawet, martin@qnetworks.se, 08-10 10 94. CCS NEWS Du f\u00e5r 50% rabatt p\u00e5 annonser i CCS NEWS. CCS MedlemskurserF\u00f6reningen erbjuder [&hellip;]<\/p>\n","protected":false},"author":1,"featured_media":0,"parent":34,"menu_order":0,"comment_status":"closed","ping_status":"closed","template":"","meta":{"footnotes":""},"class_list":["post-164","page","type-page","status-publish","hentry"],"_links":{"self":[{"href":"https:\/\/criticalcommunication.se\/index.php?rest_route=\/wp\/v2\/pages\/164","targetHints":{"allow":["GET"]}}],"collection":[{"href":"https:\/\/criticalcommunication.se\/index.php?rest_route=\/wp\/v2\/pages"}],"about":[{"href":"https:\/\/criticalcommunication.se\/index.php?rest_route=\/wp\/v2\/types\/page"}],"author":[{"embeddable":true,"href":"https:\/\/criticalcommunication.se\/index.php?rest_route=\/wp\/v2\/users\/1"}],"replies":[{"embeddable":true,"href":"https:\/\/criticalcommunication.se\/index.php?rest_route=%2Fwp%2Fv2%2Fcomments&post=164"}],"version-history":[{"count":0,"href":"https:\/\/criticalcommunication.se\/index.php?rest_route=\/wp\/v2\/pages\/164\/revisions"}],"up":[{"embeddable":true,"href":"https:\/\/criticalcommunication.se\/index.php?rest_route=\/wp\/v2\/pages\/34"}],"wp:attachment":[{"href":"https:\/\/criticalcommunication.se\/index.php?rest_route=%2Fwp%2Fv2%2Fmedia&parent=164"}],"curies":[{"name":"wp","href":"https:\/\/api.w.org\/{rel}","templated":true}]}}