{"id":145,"date":"2022-11-20T20:53:59","date_gmt":"2022-11-20T20:53:59","guid":{"rendered":"https:\/\/criticalcommunication.se\/?page_id=145"},"modified":"2024-11-17T22:26:30","modified_gmt":"2024-11-17T22:26:30","slug":"information-om-skef-news","status":"publish","type":"page","link":"https:\/\/criticalcommunication.se\/?page_id=145","title":{"rendered":"Information om CCS News"},"content":{"rendered":"\n<p>CCS NEWS\u00a0utkommer med fyra nummer per \u00e5r och distribueras i tryckt format\u00a0till \u00f6ver 4 500 f\u00f6retag. Vill du ha CCS News i din brevl\u00e5da kostnadsfritt s\u00e5 fyll i dina kontaktuppgifter l\u00e4ngst ned p\u00e5 sidan.<\/p>\n\n\n\n<p>Tidningen publiceras ocks\u00e5 digitalt h\u00e4r: <a href=\"https:\/\/issuu.com\/skef\">https:\/\/issuu.com\/skef<\/a><\/p>\n\n\n\n<p><strong>Vi ber\u00e4ttar om dig<\/strong><br>Anv\u00e4nd CCS NEWS f\u00f6r att informera om nya produkter, personnytt eller dina aff\u00e4rer. Vi letar st\u00e4ndigt efter sp\u00e4nnande produkter, lyckade aff\u00e4rer och kundcase som vi kan skriva om i tidningen.\u00a0 Det l\u00f6nar sig att tipsa redaktionen och det kostar dig inget!<\/p>\n\n\n\n<p><strong>Billigare \u00e4n Posten<\/strong><br>Ett tryckt produktblad, broschyr eller katalog \u00e4r v\u00e4rdel\u00f6s om den inte hamnar i h\u00e4nderna p\u00e5 r\u00e4tt m\u00e5lgrupp. Tillsammans med CCS NEWS kan du distribuera dina trycksaker till en intressant m\u00e5lgrupp l\u00e5ngt under portokostnaden f\u00f6r ett eget utskick.<\/p>\n\n\n\n<p>Prisexempel bilaga: Endast 3 kr\/st att distribuera en fyrsidig A4.<\/p>\n\n\n\n<p><strong>Annonsera?<\/strong><br>Genom CCS NEWS n\u00e5r du tusentals beslutsfattare och professionella anv\u00e4ndare av radio, telefoni och tr\u00e5dl\u00f6s kommunikation bland annat inom r\u00e4ddningstj\u00e4nst, bevakning, transport, taxi, energi, bygg och kommunal f\u00f6rvaltning. Din annons syns i en fr\u00e4sch och redaktionellt genomarbetad produkt med l\u00e5ng livsl\u00e4ngd. Den distribuerade upplagan \u00f6kar f\u00f6r varje nummer och \u00e4r f\u00f6r n\u00e4rvarande ca 4 700 exemplar. F\u00f6r annonsprislista, l\u00e4s vidare under fliken annonspriser. En annons kostar fr\u00e5n 375 kr f\u00f6r en 1\/10 och endast 3 000 kr f\u00f6r en kvartssida. Kan det bli billigare? CCS-medlemmar har desstuom 10% rabatt p\u00e5 prislistan vid hel\u00e5rsbokning (g\u00e4ller ej \u201dkreditkorts\u201d-annonser)!<\/p>\n\n\n\n<p>F\u00f6r mer information:<br>Kontakta Anders Edstr\u00f6m Frejman<br>ccsnews@criticalcommunication.se, 0705-898380<\/p>\n","protected":false},"excerpt":{"rendered":"<p>CCS NEWS\u00a0utkommer med fyra nummer per \u00e5r och distribueras i tryckt format\u00a0till \u00f6ver 4 500 f\u00f6retag. Vill du ha CCS News i din brevl\u00e5da kostnadsfritt s\u00e5 fyll i dina kontaktuppgifter l\u00e4ngst ned p\u00e5 sidan. Tidningen publiceras ocks\u00e5 digitalt h\u00e4r: https:\/\/issuu.com\/skef Vi ber\u00e4ttar om digAnv\u00e4nd CCS NEWS f\u00f6r att informera om nya produkter, personnytt eller dina [&hellip;]<\/p>\n","protected":false},"author":1,"featured_media":0,"parent":116,"menu_order":0,"comment_status":"closed","ping_status":"closed","template":"","meta":{"footnotes":""},"class_list":["post-145","page","type-page","status-publish","hentry"],"_links":{"self":[{"href":"https:\/\/criticalcommunication.se\/index.php?rest_route=\/wp\/v2\/pages\/145","targetHints":{"allow":["GET"]}}],"collection":[{"href":"https:\/\/criticalcommunication.se\/index.php?rest_route=\/wp\/v2\/pages"}],"about":[{"href":"https:\/\/criticalcommunication.se\/index.php?rest_route=\/wp\/v2\/types\/page"}],"author":[{"embeddable":true,"href":"https:\/\/criticalcommunication.se\/index.php?rest_route=\/wp\/v2\/users\/1"}],"replies":[{"embeddable":true,"href":"https:\/\/criticalcommunication.se\/index.php?rest_route=%2Fwp%2Fv2%2Fcomments&post=145"}],"version-history":[{"count":0,"href":"https:\/\/criticalcommunication.se\/index.php?rest_route=\/wp\/v2\/pages\/145\/revisions"}],"up":[{"embeddable":true,"href":"https:\/\/criticalcommunication.se\/index.php?rest_route=\/wp\/v2\/pages\/116"}],"wp:attachment":[{"href":"https:\/\/criticalcommunication.se\/index.php?rest_route=%2Fwp%2Fv2%2Fmedia&parent=145"}],"curies":[{"name":"wp","href":"https:\/\/api.w.org\/{rel}","templated":true}]}}