{"id":134,"date":"2022-11-20T19:13:46","date_gmt":"2022-11-20T19:13:46","guid":{"rendered":"https:\/\/criticalcommunication.se\/?page_id=134"},"modified":"2025-12-11T09:16:22","modified_gmt":"2025-12-11T09:16:22","slug":"medlemsansokan","status":"publish","type":"page","link":"https:\/\/criticalcommunication.se\/?page_id=134","title":{"rendered":"Medlemsans\u00f6kan"},"content":{"rendered":"\n<div class=\"style-316 style-local-134-c1 position-relative\" data-colibri-id=\"134-c1\">\n<div id=\"custom\" class=\"h-section h-section-global-spacing d-flex align-items-lg-center align-items-md-center align-items-center style-317 style-local-134-c2 position-relative\" data-colibri-component=\"section\" data-colibri-id=\"134-c2\">\n<div class=\"h-section-grid-container h-section-boxed-container\">\n<div class=\"h-row-container gutters-row-lg-2 gutters-row-md-2 gutters-row-0 gutters-row-v-lg-2 gutters-row-v-md-2 gutters-row-v-2 style-318 style-local-134-c3 position-relative\" data-colibri-id=\"134-c3\">\n<div class=\"h-row justify-content-lg-center justify-content-md-center justify-content-center align-items-lg-stretch align-items-md-stretch align-items-stretch gutters-col-lg-2 gutters-col-md-2 gutters-col-0 gutters-col-v-lg-2 gutters-col-v-md-2 gutters-col-v-2\">\n<div class=\"h-column h-column-container d-flex h-col-lg-auto h-col-md-auto h-col-auto style-319-outer style-local-134-c4-outer\">\n<div class=\"d-flex h-flex-basis h-column__inner h-px-lg-2 h-px-md-2 h-px-2 v-inner-lg-2 v-inner-md-2 v-inner-2 style-319 style-local-134-c4 position-relative\" data-colibri-id=\"134-c4\">\n<div class=\"w-100 h-y-container h-column__content h-column__v-align flex-basis-100 align-self-lg-start align-self-md-start align-self-start\">\n<div class=\"h-contact-form__outer--forminator style-321 style-local-134-c5 position-relative h-element\" data-colibri-id=\"134-c5\">\n<div class=\"h-global-transition-all h-global-transition h-global-transition-all h-contact-form-shortcode\"><div class=\"forminator-ui forminator-custom-form forminator-custom-form-149 forminator-design--default  forminator_ajax\" data-forminator-render=\"0\" data-form=\"forminator-module-149\" data-uid=\"69eb5e09423e4\"><br\/><\/div><form\n\t\t\t\tid=\"forminator-module-149\"\n\t\t\t\tclass=\"forminator-ui forminator-custom-form forminator-custom-form-149 forminator-design--default  forminator_ajax\"\n\t\t\t\tmethod=\"post\"\n\t\t\t\tdata-forminator-render=\"0\"\n\t\t\t\tdata-form-id=\"149\"\n\t\t\t\t data-color-option=\"default\" data-design=\"default\" data-grid=\"open\" style=\"display: none;\"\n\t\t\t\tdata-uid=\"69eb5e09423e4\"\n\t\t\t><div role=\"alert\" aria-live=\"polite\" class=\"forminator-response-message forminator-error\" aria-hidden=\"true\"><\/div><div class=\"forminator-row\"><div id=\"name-1\" class=\"forminator-field-name forminator-col forminator-col-12 \"><div class=\"forminator-row forminator-no-margin\" data-multiple=\"true\"><div class=\"forminator-col forminator-col-md-6\"><div class=\"forminator-field\"><label for=\"forminator-field-first-name-1_69eb5e09423e4\" id=\"forminator-field-first-name-1_69eb5e09423e4-label\" class=\"forminator-label\">F\u00f6retagets namn <span class=\"forminator-required\">*<\/span><\/label><input type=\"text\" name=\"name-1-first-name\" placeholder=\"\" id=\"forminator-field-first-name-1_69eb5e09423e4\" class=\"forminator-input\" aria-required=\"true\" data-multi=\"1\" autocomplete=\"given-name\" value=\"\" \/><\/div><\/div><div class=\"forminator-col forminator-col-md-6\"><div class=\"forminator-field\"><label for=\"forminator-field-middle-name-1_69eb5e09423e4\" id=\"forminator-field-middle-name-1_69eb5e09423e4-label\" class=\"forminator-label\">Org.nr.<\/label><input type=\"text\" name=\"name-1-middle-name\" placeholder=\"559999-9999\" id=\"forminator-field-middle-name-1_69eb5e09423e4\" class=\"forminator-input\" aria-required=\"false\" data-multi=\"1\" autocomplete=\"additional-name\" value=\"\" \/><\/div><\/div><\/div><\/div><\/div><div class=\"forminator-row\"><div id=\"name-2\" class=\"forminator-field-name forminator-col forminator-col-6 \"><div class=\"forminator-field\"><label for=\"forminator-field-name-2_69eb5e09423e4\" id=\"forminator-field-name-2_69eb5e09423e4-label\" class=\"forminator-label\">Kontaktperson<\/label><input type=\"text\" name=\"name-2\" value=\"\" placeholder=\"E.g. John Doe\" id=\"forminator-field-name-2_69eb5e09423e4\" class=\"forminator-input forminator-name--field\" aria-required=\"false\" autocomplete=\"name\" \/><\/div><\/div><div id=\"email-1\" class=\"forminator-field-email forminator-col forminator-col-6 \"><div class=\"forminator-field\"><label for=\"forminator-field-email-1_69eb5e09423e4\" id=\"forminator-field-email-1_69eb5e09423e4-label\" class=\"forminator-label\">E-post kontaktperson <span class=\"forminator-required\">*<\/span><\/label><input type=\"email\" name=\"email-1\" value=\"\" placeholder=\"E.g. john@doe.com\" id=\"forminator-field-email-1_69eb5e09423e4\" class=\"forminator-input forminator-email--field\" data-required=\"true\" aria-required=\"true\" autocomplete=\"email\" \/><\/div><\/div><\/div><div class=\"forminator-row\"><div id=\"number-1\" class=\"forminator-field-number forminator-col forminator-col-6 \"><div class=\"forminator-field\"><label for=\"forminator-field-number-1_69eb5e09423e4\" id=\"forminator-field-number-1_69eb5e09423e4-label\" class=\"forminator-label\">Antal anst\u00e4llda<\/label><input name=\"number-1\" value=\"1\" placeholder=\"1\" id=\"forminator-field-number-1_69eb5e09423e4\" class=\"forminator-input forminator-number--field\" inputmode=\"decimal\" data-required=\"\" data-decimals=\"0\" aria-required=\"false\" data-inputmask=\"&#039;groupSeparator&#039;: &#039;&#039;, &#039;radixPoint&#039;: &#039;&#039;, &#039;digits&#039;: &#039;0&#039;\" data-hidden-behavior=\"zero\" type=\"number\" step=\"any\" min=\"1\" max=\"150\" \/><\/div><\/div><div id=\"phone-1\" class=\"forminator-field-phone forminator-col forminator-col-6 \"><div class=\"forminator-field\"><label for=\"forminator-field-phone-1_69eb5e09423e4\" id=\"forminator-field-phone-1_69eb5e09423e4-label\" class=\"forminator-label\">Telefonnummer <span class=\"forminator-required\">*<\/span><\/label><input type=\"text\" name=\"phone-1\" value=\"\" placeholder=\"E.g. +1 3004005000\" id=\"forminator-field-phone-1_69eb5e09423e4\" class=\"forminator-input forminator-field--phone\" data-required=\"1\" aria-required=\"true\" autocomplete=\"off\" data-validation=\"1\" \/><\/div><\/div><\/div><div class=\"forminator-row\"><div id=\"textarea-1\" class=\"forminator-field-textarea forminator-col forminator-col-12 \"><div class=\"forminator-field\"><label for=\"forminator-field-textarea-1_69eb5e09423e4\" id=\"forminator-field-textarea-1_69eb5e09423e4-label\" class=\"forminator-label\">Beskriv f\u00f6retagets verksamhet<\/label><textarea name=\"textarea-1\" placeholder=\"\" id=\"forminator-field-textarea-1_69eb5e09423e4\" class=\"forminator-textarea\" rows=\"6\" style=\"min-height:140px;\" maxlength=\"180\" ><\/textarea><span id=\"forminator-field-textarea-1_69eb5e09423e4-description\" class=\"forminator-description\"><span data-limit=\"180\" data-type=\"characters\" data-editor=\"\">0 \/ 180<\/span><\/span><\/div><\/div><\/div><input type=\"hidden\" name=\"referer_url\" value=\"\" \/><div class=\"forminator-row forminator-row-last\"><div class=\"forminator-col\"><div class=\"forminator-field\"><button class=\"forminator-button forminator-button-submit\">Skicka intresseanm&auml;lan<\/button><\/div><\/div><\/div><input type=\"hidden\" id=\"forminator_nonce\" name=\"forminator_nonce\" value=\"cc4d8eaba0\" \/><input type=\"hidden\" name=\"_wp_http_referer\" value=\"\/index.php?rest_route=%2Fwp%2Fv2%2Fpages%2F134\" \/><input type=\"hidden\" name=\"form_id\" value=\"149\"><input type=\"hidden\" name=\"page_id\" value=\"134\"><input type=\"hidden\" name=\"form_type\" value=\"default\"><input type=\"hidden\" name=\"current_url\" value=\"https:\/\/criticalcommunication.se\/?page_id=134\"><input type=\"hidden\" name=\"render_id\" value=\"0\"><input type=\"hidden\" name=\"action\" value=\"forminator_submit_form_custom-forms\"><label for=\"input_7\" class=\"forminator-hidden\" aria-hidden=\"true\">Please do not fill in this field. <input id=\"input_7\" type=\"text\" name=\"input_7\" value=\"\" autocomplete=\"off\"><\/label><\/form><\/div>\n<\/div>\n<\/div>\n<\/div>\n<\/div>\n<\/div>\n<\/div>\n<\/div>\n<\/div>\n<div id=\"custom-2\" class=\"h-section h-section-global-spacing d-flex align-items-lg-center align-items-md-center align-items-center style-322 style-local-134-c6 position-relative\" data-colibri-component=\"section\" data-colibri-id=\"134-c6\">\n<div class=\"h-section-grid-container h-section-boxed-container\">\n<div class=\"h-row-container gutters-row-lg-2 gutters-row-md-2 gutters-row-0 gutters-row-v-lg-2 gutters-row-v-md-2 gutters-row-v-2 style-323 style-local-134-c7 position-relative\" data-colibri-id=\"134-c7\">\n<div class=\"h-row justify-content-lg-center justify-content-md-center justify-content-center align-items-lg-stretch align-items-md-stretch align-items-stretch gutters-col-lg-2 gutters-col-md-2 gutters-col-0 gutters-col-v-lg-2 gutters-col-v-md-2 gutters-col-v-2\">\n<div class=\"h-column h-column-container d-flex h-col-lg-auto h-col-md-auto h-col-auto style-324-outer style-local-134-c8-outer\">\n<div class=\"d-flex h-flex-basis h-column__inner h-px-lg-2 h-px-md-2 h-px-2 v-inner-lg-2 v-inner-md-2 v-inner-2 style-324 style-local-134-c8 position-relative\" data-colibri-id=\"134-c8\">\n<div class=\"w-100 h-y-container h-column__content h-column__v-align flex-basis-100 align-self-lg-start align-self-md-start align-self-start\">\n<div class=\"h-text h-text-component style-325 style-local-134-c9 position-relative h-element\" data-colibri-id=\"134-c9\">\n<\/div>\n<\/div>\n<\/div>\n<\/div>\n<\/div>\n<\/div>\n<\/div>\n<\/div>\n<\/div>\n\n\n\n<h3 class=\"wp-block-heading\">\u00c5rsavgifter 2026:<\/h3>\n\n\n\n<figure class=\"wp-block-table is-style-stripes\"><table class=\"has-fixed-layout\"><tbody><tr><td>Medlemsavgift exkl serviceavgift<\/td><td>1200:-&nbsp;&nbsp;ej avdragsgill, ej moms<\/td><\/tr><tr><td><\/td><td><\/td><\/tr><tr><td><strong>Antal anst\u00e4llda<\/strong><\/td><td><strong>Serviceavgift \/ \u00e5r<\/strong><\/td><\/tr><tr><td>Niv\u00e5 1: 0-1 anst\u00e4llda med <br>max 2 milj oms\u00e4ttning<\/td><td>1800:-<\/td><\/tr><tr><td>Niv\u00e5 2: 2-10 anst\u00e4llda med <br>max 20 milj oms\u00e4ttning<\/td><td>3600:-<\/td><\/tr><tr><td>Niv\u00e5 3: 11-20 anst\u00e4llda med <br>max 40 milj oms\u00e4ttning<\/td><td>4800:-<\/td><\/tr><tr><td>Niv\u00e5 4: 21+ anst\u00e4llda<\/td><td>7200:-<\/td><\/tr><\/tbody><\/table><\/figure>\n\n\n\n<p><strong>Uttr\u00e4desregler<\/strong><\/p>\n\n\n\n<p>Uttr\u00e4de kan ske tidigast den 31\/12 efter skriftlig beg\u00e4ran som m\u00e5ste vara kansliet tillhanda<\/p>\n\n\n\n<p>f\u00f6re september m\u00e5nads utg\u00e5ng.<\/p>\n\n\n\n<p><strong>\u00d6vrigt<\/strong><\/p>\n\n\n\n<p>F\u00f6r stora organisationer eller myndigheter finns m\u00f6jlighet att skapa ett all-inclusive medlemskap inneh\u00e5llande t ex deltagande i m\u00e4ssor m.m. i en \u00e5rsavgift f\u00f6r att underl\u00e4tta fakturering och administration.<\/p>\n\n\n\n<p>Intr\u00e4desans\u00f6kan \u00e4r bindande. Inbetald avgift \u00e5terbetalas ej. Angiven kontaktperson anses beh\u00f6rig att best\u00e4lla annonsering i CCS News, anm\u00e4la till kurser, konferenser och andra m\u00f6ten samt i \u00f6vrigt f\u00f6retr\u00e4da medlemsf\u00f6retaget.<\/p>\n","protected":false},"excerpt":{"rendered":"<p>\u00c5rsavgifter 2026: Medlemsavgift exkl serviceavgift1200:-&nbsp;&nbsp;ej avdragsgill, ej momsAntal anst\u00e4lldaServiceavgift \/ \u00e5rNiv\u00e5 1: 0-1 anst\u00e4llda med max 2 milj oms\u00e4ttning1800:-Niv\u00e5 2: 2-10 anst\u00e4llda med max 20 milj oms\u00e4ttning3600:-Niv\u00e5 3: 11-20 anst\u00e4llda med max 40 milj oms\u00e4ttning4800:-Niv\u00e5 4: 21+ anst\u00e4llda7200:- Uttr\u00e4desregler Uttr\u00e4de kan ske tidigast den 31\/12 efter skriftlig beg\u00e4ran som m\u00e5ste vara kansliet tillhanda f\u00f6re september [&hellip;]<\/p>\n","protected":false},"author":1,"featured_media":0,"parent":0,"menu_order":92,"comment_status":"closed","ping_status":"closed","template":"","meta":{"footnotes":""},"class_list":["post-134","page","type-page","status-publish","hentry"],"_links":{"self":[{"href":"https:\/\/criticalcommunication.se\/index.php?rest_route=\/wp\/v2\/pages\/134","targetHints":{"allow":["GET"]}}],"collection":[{"href":"https:\/\/criticalcommunication.se\/index.php?rest_route=\/wp\/v2\/pages"}],"about":[{"href":"https:\/\/criticalcommunication.se\/index.php?rest_route=\/wp\/v2\/types\/page"}],"author":[{"embeddable":true,"href":"https:\/\/criticalcommunication.se\/index.php?rest_route=\/wp\/v2\/users\/1"}],"replies":[{"embeddable":true,"href":"https:\/\/criticalcommunication.se\/index.php?rest_route=%2Fwp%2Fv2%2Fcomments&post=134"}],"version-history":[{"count":19,"href":"https:\/\/criticalcommunication.se\/index.php?rest_route=\/wp\/v2\/pages\/134\/revisions"}],"predecessor-version":[{"id":482,"href":"https:\/\/criticalcommunication.se\/index.php?rest_route=\/wp\/v2\/pages\/134\/revisions\/482"}],"wp:attachment":[{"href":"https:\/\/criticalcommunication.se\/index.php?rest_route=%2Fwp%2Fv2%2Fmedia&parent=134"}],"curies":[{"name":"wp","href":"https:\/\/api.w.org\/{rel}","templated":true}]}}