{"id":116,"date":"2022-11-09T14:05:38","date_gmt":"2022-11-09T14:05:38","guid":{"rendered":"https:\/\/criticalcommunication.se\/?page_id=116"},"modified":"2026-03-31T10:42:23","modified_gmt":"2026-03-31T10:42:23","slug":"skef-news","status":"publish","type":"page","link":"https:\/\/criticalcommunication.se\/?page_id=116","title":{"rendered":"CCS News"},"content":{"rendered":"\n<p>CCS News&nbsp;utkommer med fyra nummer per \u00e5r och distribueras i tryckt format&nbsp;till \u00f6ver 4 500 f\u00f6retag. Vill du ha CCS News i din brevl\u00e5da kostnadsfritt s\u00e5 kan du kontakta <a href=\"mailto:ccsnews@criticalcommunication.se\">ccsnews@criticalcommunication.se<\/a>. CCS News hette tidigare SKEF News.<\/p>\n\n\n\n<p><\/p>\n\n\n\n<p>CCS News 2026<\/p>\n\n\n\n<p>Nr 1: <a href=\"https:\/\/issuu.com\/skef\/docs\/ccs_news_2025_4_-_svenska_molntj_nster_digital_m\" data-type=\"link\" data-id=\"https:\/\/issuu.com\/skef\/docs\/ccs_news_2025_4_-_svenska_molntj_nster_digital_m\">CCS News 2026 #1 &#8211; Telia b\u00e4st f\u00f6r Swen &#8211; Operat\u00f6rer bromsar 5G SA i fastigheter &#8211; VGR-5G bygger skar<\/a><\/p>\n\n\n\n<p>CCS News 2025<\/p>\n\n\n\n<p>Nr 4: <a href=\"https:\/\/issuu.com\/skef\/docs\/ccs_news_2025_4_-_svenska_molntj_nster_digital_m\" data-type=\"link\" data-id=\"https:\/\/issuu.com\/skef\/docs\/ccs_news_2025_4_-_svenska_molntj_nster_digital_m\">CCS News 2025 #4 &#8211; Svenska molntj\u00e4nster, digital motst\u00e5ndskraft, 5G i snigelfart<\/a><\/p>\n\n\n\n<p>Nr 3: <a href=\"https:\/\/issuu.com\/skef\/docs\/ccs_news_2025_3_-_sl_skrotar_tetra_mobilmastsabo\" data-type=\"link\" data-id=\"https:\/\/issuu.com\/skef\/docs\/ccs_news_2025_3_-_sl_skrotar_tetra_mobilmastsabo\">CCS News 2025 #3 &#8211; SL skrotar TETRA, mobilmastsabotage, Bias f\u00f6rorenar AI-system<\/a><\/p>\n\n\n\n<p>Nr 2: <a href=\"https:\/\/issuu.com\/skef\/docs\/ccs_news_2025_2_-_ministern_om_rakel_information\">CCS News 2025 #2 &#8211; Ministern om Rakel, informationsp\u00e5verkan<\/a><\/p>\n\n\n\n<p>Nr 1: <a href=\"https:\/\/issuu.com\/skef\/docs\/ccs_news_2025_1_vgr-5g_viktiga_sm_radion_t_r\/1?mc_cid=e3077c621c&amp;mc_eid=3026f1e8d1\">CCS News 2025 #1 \u2013 VGR-5G, viktiga sm\u00e5 radion\u00e4t, Rakel G2<\/a><\/p>\n\n\n\n<p>CCS News 2024<\/p>\n\n\n\n<p>Nr 4: <a href=\"https:\/\/issuu.com\/skef\/docs\/ccs_news_2024_4_-_gotland_grand_national_-_boom_f?fr=xGAEoAT3_NTU1&amp;mc_cid=1ebfb3c140&amp;mc_eid=3026f1e8d1\">CCS News 2024 #4 &#8211; Gotland Grand National &#8211; Boom f\u00f6r privata 5G n\u00e4t by CCS (former SKEF) &#8211; Issuu<\/a><\/p>\n\n\n\n<p>Nr 3: <a href=\"https:\/\/issuu.com\/skef\/docs\/ccs_news_3-2024_-_sid_01-32_-_dr_narjakt_-_farliga\"><\/a><a href=\"https:\/\/issuu.com\/skef\/docs\/ccs_news_3-2024_-_sid_01-32_-_dr_narjakt_-_farliga\">CCS News 2024 #3 &#8211; Dr\u00f6narlarm p\u00e5 Arlanda &#8211; Bomb i persons\u00f6kare &#8211; Kina ute ur mobiln\u00e4ten by CCS (former SKEF) &#8211; Issuu<\/a><\/p>\n\n\n\n<p>Nr 2: <a href=\"https:\/\/issuu.com\/skef\/docs\/ccs_news_2-2024_-_swen_r_nya_rakel_-_5g-dr_nare_s\"><\/a><a href=\"https:\/\/issuu.com\/skef\/docs\/ccs_news_2-2024_-_swen_r_nya_rakel_-_5g-dr_nare_s\">CCS News 2024 #2 &#8211; SWEN \u00e4r nya Rakel &#8211; 5G-dr\u00f6nare styr skogsmaskin &#8211; hitta r\u00e4tt 5G router by CCS (former SKEF) &#8211; Issuu<\/a><\/p>\n\n\n\n<p>Nr 1: <a href=\"https:\/\/issuu.com\/skef\/docs\/ccs_news_1-2024_webb\"><\/a><a href=\"https:\/\/issuu.com\/skef\/docs\/ccs_news_1-2024_webb\">CCS News 2024 #1 &#8211; Uth\u00e5lliga dr\u00f6nare, Privat 5G-n\u00e4t, P\u00e5 fj\u00e4llet utan t\u00e4ckning, Autonoma robotar by CCS (former SKEF) &#8211; Issuu<\/a><\/p>\n\n\n\n<p>CCS News 2023<\/p>\n\n\n\n<p>Nr 4: <a href=\"https:\/\/issuu.com\/skef\/docs\/ccs_news_2023-4_-_dr_nare_i_gazas_tunnlar_-_112app\" target=\"_blank\" rel=\"noreferrer noopener\">https:\/\/issuu.com\/skef\/docs\/ccs_news_2023-4_-dr_nare_i_gazas_tunnlar-_112app<\/a><\/p>\n\n\n\n<p>Nr 3: <a href=\"https:\/\/issuu.com\/skef\/docs\/ccs_news_3-2023_-_laleh_-_inget_rakel_g2_-_5g_i_po\" target=\"_blank\" rel=\"noreferrer noopener\">https:\/\/issuu.com\/skef\/docs\/ccs_news_3-2023_-<em>laleh<\/em>&#8211;<em>inget_rakel_g2<\/em>-_5g_i_po<\/a><\/p>\n\n\n\n<p>Nr 2: <a href=\"https:\/\/issuu.com\/skef\/docs\/ccs_news_2-2023_-_till_webben\" target=\"_blank\" rel=\"noreferrer noopener\">https:\/\/issuu.com\/skef\/docs\/ccs_news_2-2023_-_till_webben<\/a><\/p>\n\n\n\n<p>Nr 1: <a href=\"https:\/\/issuu.com\/skef\/docs\/ccs_news_1-2023_poc_p_dagab_-iot_trender-_eus_n\" target=\"_blank\" rel=\"noreferrer noopener\">https:\/\/issuu.com\/skef\/docs\/ccs_news_1-2023_poc_p_dagab_-<em>iot_trender<\/em>-_eus_n<\/a><\/p>\n\n\n\n<p><\/p>\n\n\n\n<p>Vill du l\u00e4sa \u00e4ldre nummer av SKEF News eller CCS News? Alla nummer fr\u00e5n nr 3 2010 finns h\u00e4r: <a href=\"https:\/\/issuu.com\/skef\" data-type=\"link\" data-id=\"https:\/\/issuu.com\/skef\">https:\/\/issuu.com\/skef<\/a><\/p>\n\n\n\n<p><\/p>\n\n\n\n<p><strong>Billigare \u00e4n Posten<\/strong><br>Ett tryckt produktblad, broschyr eller katalog \u00e4r v\u00e4rdel\u00f6s om den inte hamnar i h\u00e4nderna p\u00e5 r\u00e4tt m\u00e5lgrupp. Tillsammans med CCS NEWS kan du distribuera dina trycksaker till en intressant m\u00e5lgrupp l\u00e5ngt under portokostnaden f\u00f6r ett eget utskick.<\/p>\n\n\n\n<p>Prisexempel bilaga: Endast 3 kr\/st att distribuera en fyrsidig A4.<\/p>\n\n\n\n<p><strong>Annonsera?<\/strong><br>Genom CCS NEWS n\u00e5r du tusentals beslutsfattare och professionella anv\u00e4ndare av radio, telefoni och tr\u00e5dl\u00f6s kommunikation bland annat inom r\u00e4ddningstj\u00e4nst, bevakning, transport, taxi, energi, bygg och kommunal f\u00f6rvaltning. Din annons syns i en fr\u00e4sch och redaktionellt genomarbetad produkt med l\u00e5ng livsl\u00e4ngd. Den distribuerade upplagan \u00f6kar f\u00f6r varje nummer och \u00e4r f\u00f6r n\u00e4rvarande ca 4 700 exemplar. F\u00f6r annonsprislista, l\u00e4s vidare under fliken annonspriser. En annons kostar fr\u00e5n 375 kr f\u00f6r en 1\/10 och endast 3 000 kr f\u00f6r en kvartssida. Kan det bli billigare? CCS-medlemmar har dessutom 10% rabatt p\u00e5 prislistan vid hel\u00e5rsbokning (g\u00e4ller ej \u201dkreditkorts\u201d-annonser)!<\/p>\n\n\n\n<p>F\u00f6r mer information:<br>Kontakta Anders Edstr\u00f6m Frejman<br><a href=\"mailto:ccsnews@criticalcommunication.se\">ccsnews@criticalcommunication.se<\/a> 0705-898380<\/p>\n","protected":false},"excerpt":{"rendered":"<p>CCS News&nbsp;utkommer med fyra nummer per \u00e5r och distribueras i tryckt format&nbsp;till \u00f6ver 4 500 f\u00f6retag. Vill du ha CCS News i din brevl\u00e5da kostnadsfritt s\u00e5 kan du kontakta ccsnews@criticalcommunication.se. CCS News hette tidigare SKEF News. CCS News 2026 Nr 1: CCS News 2026 #1 &#8211; Telia b\u00e4st f\u00f6r Swen &#8211; Operat\u00f6rer bromsar 5G SA [&hellip;]<\/p>\n","protected":false},"author":1,"featured_media":0,"parent":0,"menu_order":98,"comment_status":"closed","ping_status":"closed","template":"","meta":{"footnotes":""},"class_list":["post-116","page","type-page","status-publish","hentry"],"_links":{"self":[{"href":"https:\/\/criticalcommunication.se\/index.php?rest_route=\/wp\/v2\/pages\/116","targetHints":{"allow":["GET"]}}],"collection":[{"href":"https:\/\/criticalcommunication.se\/index.php?rest_route=\/wp\/v2\/pages"}],"about":[{"href":"https:\/\/criticalcommunication.se\/index.php?rest_route=\/wp\/v2\/types\/page"}],"author":[{"embeddable":true,"href":"https:\/\/criticalcommunication.se\/index.php?rest_route=\/wp\/v2\/users\/1"}],"replies":[{"embeddable":true,"href":"https:\/\/criticalcommunication.se\/index.php?rest_route=%2Fwp%2Fv2%2Fcomments&post=116"}],"version-history":[{"count":0,"href":"https:\/\/criticalcommunication.se\/index.php?rest_route=\/wp\/v2\/pages\/116\/revisions"}],"wp:attachment":[{"href":"https:\/\/criticalcommunication.se\/index.php?rest_route=%2Fwp%2Fv2%2Fmedia&parent=116"}],"curies":[{"name":"wp","href":"https:\/\/api.w.org\/{rel}","templated":true}]}}